{"id":1831,"date":"2015-02-22T21:56:47","date_gmt":"2015-02-22T20:56:47","guid":{"rendered":"http:\/\/dev-nottinblu.pantheon.io\/bases\/kinetic\/"},"modified":"2015-06-10T17:12:16","modified_gmt":"2015-06-10T16:12:16","slug":"kinetic","status":"publish","type":"page","link":"https:\/\/nottinblu.com\/de\/unterfederungen\/kinetic\/","title":{"rendered":"PBS Kinetic"},"content":{"rendered":"<p>PBS Kinetic ist das System, das unser Unternehmen als neue Weltspitzenmarke von Schlafsystemen auf den Markt gebracht hat. Kinetic wurde 2004 patentiert und benutzt ein von Nottinbl\u00fa entworfenes mechanisches System, das f\u00e4hig ist, sich dem K\u00f6rper automatisch anzupassen.<\/p>\n<p>Hier beginnt der beste vorstellbarste Schlaf.<\/p>\n","protected":false},"excerpt":{"rendered":"<p>PBS Kinetic ist das System, das unser Unternehmen als neue Weltspitzenmarke von Schlafsystemen auf den Markt gebracht hat. Kinetic wurde <span class=\"pseudo-ellipsis\">&hellip;<\/span><\/p>\n","protected":false},"author":3,"featured_media":0,"parent":1823,"menu_order":10,"comment_status":"closed","ping_status":"closed","template":"templates\/product-page.php","meta":{"footnotes":""},"class_list":["post-1831","page","type-page","status-publish","hentry"],"_links":{"self":[{"href":"https:\/\/nottinblu.com\/de\/wp-json\/wp\/v2\/pages\/1831","targetHints":{"allow":["GET"]}}],"collection":[{"href":"https:\/\/nottinblu.com\/de\/wp-json\/wp\/v2\/pages"}],"about":[{"href":"https:\/\/nottinblu.com\/de\/wp-json\/wp\/v2\/types\/page"}],"author":[{"embeddable":true,"href":"https:\/\/nottinblu.com\/de\/wp-json\/wp\/v2\/users\/3"}],"replies":[{"embeddable":true,"href":"https:\/\/nottinblu.com\/de\/wp-json\/wp\/v2\/comments?post=1831"}],"version-history":[{"count":4,"href":"https:\/\/nottinblu.com\/de\/wp-json\/wp\/v2\/pages\/1831\/revisions"}],"predecessor-version":[{"id":1835,"href":"https:\/\/nottinblu.com\/de\/wp-json\/wp\/v2\/pages\/1831\/revisions\/1835"}],"up":[{"embeddable":true,"href":"https:\/\/nottinblu.com\/de\/wp-json\/wp\/v2\/pages\/1823"}],"wp:attachment":[{"href":"https:\/\/nottinblu.com\/de\/wp-json\/wp\/v2\/media?parent=1831"}],"curies":[{"name":"wp","href":"https:\/\/api.w.org\/{rel}","templated":true}]}}