{"id":1837,"date":"2015-02-22T21:47:01","date_gmt":"2015-02-22T20:47:01","guid":{"rendered":"http:\/\/dev-nottinblu.pantheon.io\/beds\/firenze\/"},"modified":"2015-06-10T20:42:42","modified_gmt":"2015-06-10T19:42:42","slug":"firenze","status":"publish","type":"page","link":"https:\/\/nottinblu.com\/de\/betten\/firenze\/","title":{"rendered":"Firenze"},"content":{"rendered":"<p>Firenze ist ein Bett von sinnlicher, n\u00fcchterner Pracht, in jedem Detail raffiniert.<\/p>\n<p>Seine Holzstruktur ist mit unserem Sabl\u00e9 Stoff \u00fcberzogen, der mit unserem Diamantschriftzug \u2013eine handwerkliche Meisterhaftigkeit- bestickt ist.<\/p>\n<p>Eine elegante, zarte Freude der Sinne.<\/p>\n","protected":false},"excerpt":{"rendered":"<p>Firenze ist ein Bett von sinnlicher, n\u00fcchterner Pracht, in jedem Detail raffiniert. Seine Holzstruktur ist mit unserem Sabl\u00e9 Stoff \u00fcberzogen, <span class=\"pseudo-ellipsis\">&hellip;<\/span><\/p>\n","protected":false},"author":3,"featured_media":0,"parent":1737,"menu_order":4,"comment_status":"closed","ping_status":"closed","template":"templates\/product-page.php","meta":{"footnotes":""},"class_list":["post-1837","page","type-page","status-publish","hentry"],"_links":{"self":[{"href":"https:\/\/nottinblu.com\/de\/wp-json\/wp\/v2\/pages\/1837","targetHints":{"allow":["GET"]}}],"collection":[{"href":"https:\/\/nottinblu.com\/de\/wp-json\/wp\/v2\/pages"}],"about":[{"href":"https:\/\/nottinblu.com\/de\/wp-json\/wp\/v2\/types\/page"}],"author":[{"embeddable":true,"href":"https:\/\/nottinblu.com\/de\/wp-json\/wp\/v2\/users\/3"}],"replies":[{"embeddable":true,"href":"https:\/\/nottinblu.com\/de\/wp-json\/wp\/v2\/comments?post=1837"}],"version-history":[{"count":3,"href":"https:\/\/nottinblu.com\/de\/wp-json\/wp\/v2\/pages\/1837\/revisions"}],"predecessor-version":[{"id":2036,"href":"https:\/\/nottinblu.com\/de\/wp-json\/wp\/v2\/pages\/1837\/revisions\/2036"}],"up":[{"embeddable":true,"href":"https:\/\/nottinblu.com\/de\/wp-json\/wp\/v2\/pages\/1737"}],"wp:attachment":[{"href":"https:\/\/nottinblu.com\/de\/wp-json\/wp\/v2\/media?parent=1837"}],"curies":[{"name":"wp","href":"https:\/\/api.w.org\/{rel}","templated":true}]}}