{"id":1856,"date":"2015-02-22T21:49:48","date_gmt":"2015-02-22T20:49:48","guid":{"rendered":"http:\/\/dev-nottinblu.pantheon.io\/matratzen\/performa\/"},"modified":"2015-06-10T17:38:32","modified_gmt":"2015-06-10T16:38:32","slug":"performa","status":"publish","type":"page","link":"https:\/\/nottinblu.com\/de\/matratzen\/performa\/","title":{"rendered":"Matratze Performa"},"content":{"rendered":"<p>Die Matratze Performa Nottinbl\u00fa gew\u00e4hrt h\u00f6chstes Niveau an Komfort.<\/p>\n<p>Es wurde die Technologie Blucell benutzt. Sie ist weich wie ein Naturschwamm, antibakteriell und bringt den K\u00f6rper in eine orthop\u00e4disch perfekte Position.<\/p>\n<p>Ihre offen-zellige Struktur garantiert h\u00f6chste Transpiration und Elastizit\u00e4t.<\/p>\n","protected":false},"excerpt":{"rendered":"<p>Die Matratze Performa Nottinbl\u00fa gew\u00e4hrt h\u00f6chstes Niveau an Komfort. Es wurde die Technologie Blucell benutzt. Sie ist weich wie ein <span class=\"pseudo-ellipsis\">&hellip;<\/span><\/p>\n","protected":false},"author":3,"featured_media":0,"parent":1851,"menu_order":10,"comment_status":"closed","ping_status":"closed","template":"templates\/product-page.php","meta":{"footnotes":""},"class_list":["post-1856","page","type-page","status-publish","hentry"],"_links":{"self":[{"href":"https:\/\/nottinblu.com\/de\/wp-json\/wp\/v2\/pages\/1856","targetHints":{"allow":["GET"]}}],"collection":[{"href":"https:\/\/nottinblu.com\/de\/wp-json\/wp\/v2\/pages"}],"about":[{"href":"https:\/\/nottinblu.com\/de\/wp-json\/wp\/v2\/types\/page"}],"author":[{"embeddable":true,"href":"https:\/\/nottinblu.com\/de\/wp-json\/wp\/v2\/users\/3"}],"replies":[{"embeddable":true,"href":"https:\/\/nottinblu.com\/de\/wp-json\/wp\/v2\/comments?post=1856"}],"version-history":[{"count":1,"href":"https:\/\/nottinblu.com\/de\/wp-json\/wp\/v2\/pages\/1856\/revisions"}],"predecessor-version":[{"id":1857,"href":"https:\/\/nottinblu.com\/de\/wp-json\/wp\/v2\/pages\/1856\/revisions\/1857"}],"up":[{"embeddable":true,"href":"https:\/\/nottinblu.com\/de\/wp-json\/wp\/v2\/pages\/1851"}],"wp:attachment":[{"href":"https:\/\/nottinblu.com\/de\/wp-json\/wp\/v2\/media?parent=1856"}],"curies":[{"name":"wp","href":"https:\/\/api.w.org\/{rel}","templated":true}]}}