{"id":1861,"date":"2015-02-28T22:06:16","date_gmt":"2015-02-28T21:06:16","guid":{"rendered":"http:\/\/dev-nottinblu.pantheon.io\/toppers\/natura\/"},"modified":"2017-11-13T18:12:22","modified_gmt":"2017-11-13T17:12:22","slug":"natura__trashed","status":"publish","type":"page","link":"https:\/\/nottinblu.com\/de\/toppers\/natura__trashed\/","title":{"rendered":"Topper Natura"},"content":{"rendered":"<p>Unser Topper Natura ist wunderbar warm und kuschelig und garantiert immer einen optimalen Temperaturausgleich.<\/p>\n<p>Alle Matratzenauflagen sind komplett per Hand gen\u00e4ht und einges\u00e4umt. Alle Topper sind komplett per Hand gen\u00e4ht und einges\u00e4umt. F\u00fcllung aus sibirischen G\u00e4nsedaunen.<\/p>\n","protected":false},"excerpt":{"rendered":"<p>Unser Topper Natura ist wunderbar warm und kuschelig und garantiert immer einen optimalen Temperaturausgleich. Alle Matratzenauflagen sind komplett per Hand <span class=\"pseudo-ellipsis\">&hellip;<\/span><\/p>\n","protected":false},"author":3,"featured_media":0,"parent":1858,"menu_order":10,"comment_status":"closed","ping_status":"closed","template":"templates\/product-page.php","meta":{"footnotes":""},"class_list":["post-1861","page","type-page","status-publish","hentry"],"_links":{"self":[{"href":"https:\/\/nottinblu.com\/de\/wp-json\/wp\/v2\/pages\/1861","targetHints":{"allow":["GET"]}}],"collection":[{"href":"https:\/\/nottinblu.com\/de\/wp-json\/wp\/v2\/pages"}],"about":[{"href":"https:\/\/nottinblu.com\/de\/wp-json\/wp\/v2\/types\/page"}],"author":[{"embeddable":true,"href":"https:\/\/nottinblu.com\/de\/wp-json\/wp\/v2\/users\/3"}],"replies":[{"embeddable":true,"href":"https:\/\/nottinblu.com\/de\/wp-json\/wp\/v2\/comments?post=1861"}],"version-history":[{"count":2,"href":"https:\/\/nottinblu.com\/de\/wp-json\/wp\/v2\/pages\/1861\/revisions"}],"predecessor-version":[{"id":1863,"href":"https:\/\/nottinblu.com\/de\/wp-json\/wp\/v2\/pages\/1861\/revisions\/1863"}],"up":[{"embeddable":true,"href":"https:\/\/nottinblu.com\/de\/wp-json\/wp\/v2\/pages\/1858"}],"wp:attachment":[{"href":"https:\/\/nottinblu.com\/de\/wp-json\/wp\/v2\/media?parent=1861"}],"curies":[{"name":"wp","href":"https:\/\/api.w.org\/{rel}","templated":true}]}}