{"id":1882,"date":"2015-02-23T22:11:16","date_gmt":"2015-02-23T21:11:16","guid":{"rendered":"http:\/\/dev-nottinblu.pantheon.io\/fragrance-and-toiletries-2\/"},"modified":"2015-06-10T17:57:05","modified_gmt":"2015-06-10T16:57:05","slug":"duftnoten-und-toilettenartikel","status":"publish","type":"page","link":"https:\/\/nottinblu.com\/de\/duftnoten-und-toilettenartikel\/","title":{"rendered":"Duftnoten und Toilettenartikel"},"content":{"rendered":"<p>Nottinbl\u00fa hat eine Serie von Duftnoten und Toilettenartikel realisiert, um die pr\u00e4chtigen W\u00e4sche-, Bett- und, Stoff- Serien zu vervollst\u00e4ndigen:<\/p>\n<p>Darunter:<br \/>\nKosmetiktuchbeh\u00e4lter<br \/>\nAromatherapie<br \/>\nKalt-\/Warm-Therapie<br \/>\nHandtuchk\u00f6rbchen<br \/>\nDufts\u00e4ckchen<\/p>\n","protected":false},"excerpt":{"rendered":"<p>Nottinbl\u00fa hat eine Serie von Duftnoten und Toilettenartikel realisiert, um die pr\u00e4chtigen W\u00e4sche-, Bett- und, Stoff- Serien zu vervollst\u00e4ndigen: Darunter: <span class=\"pseudo-ellipsis\">&hellip;<\/span><\/p>\n","protected":false},"author":3,"featured_media":0,"parent":0,"menu_order":60,"comment_status":"closed","ping_status":"closed","template":"templates\/product-page.php","meta":{"footnotes":""},"class_list":["post-1882","page","type-page","status-publish","hentry"],"_links":{"self":[{"href":"https:\/\/nottinblu.com\/de\/wp-json\/wp\/v2\/pages\/1882","targetHints":{"allow":["GET"]}}],"collection":[{"href":"https:\/\/nottinblu.com\/de\/wp-json\/wp\/v2\/pages"}],"about":[{"href":"https:\/\/nottinblu.com\/de\/wp-json\/wp\/v2\/types\/page"}],"author":[{"embeddable":true,"href":"https:\/\/nottinblu.com\/de\/wp-json\/wp\/v2\/users\/3"}],"replies":[{"embeddable":true,"href":"https:\/\/nottinblu.com\/de\/wp-json\/wp\/v2\/comments?post=1882"}],"version-history":[{"count":1,"href":"https:\/\/nottinblu.com\/de\/wp-json\/wp\/v2\/pages\/1882\/revisions"}],"predecessor-version":[{"id":1883,"href":"https:\/\/nottinblu.com\/de\/wp-json\/wp\/v2\/pages\/1882\/revisions\/1883"}],"wp:attachment":[{"href":"https:\/\/nottinblu.com\/de\/wp-json\/wp\/v2\/media?parent=1882"}],"curies":[{"name":"wp","href":"https:\/\/api.w.org\/{rel}","templated":true}]}}