{"id":1917,"date":"2015-02-23T22:08:15","date_gmt":"2015-02-23T21:08:15","guid":{"rendered":"http:\/\/dev-nottinblu.pantheon.io\/bettwasche\/serena\/"},"modified":"2015-06-10T18:24:00","modified_gmt":"2015-06-10T17:24:00","slug":"serena","status":"publish","type":"page","link":"https:\/\/nottinblu.com\/de\/bettwasche\/serena\/","title":{"rendered":"Bettw\u00e4sche Serena"},"content":{"rendered":"<p>Eine Bord\u00fcre in Kontrastfarbe und drei Reihen Kordonettstickerei der gleichen Farbe wie die Bord\u00fcre.<\/p>\n<p>Die Stickerei wird per Hand mit Maschinen-Zick-Zack-Stich gen\u00e4ht.<\/p>\n","protected":false},"excerpt":{"rendered":"<p>Eine Bord\u00fcre in Kontrastfarbe und drei Reihen Kordonettstickerei der gleichen Farbe wie die Bord\u00fcre. Die Stickerei wird per Hand mit <span class=\"pseudo-ellipsis\">&hellip;<\/span><\/p>\n","protected":false},"author":3,"featured_media":0,"parent":1908,"menu_order":20,"comment_status":"closed","ping_status":"closed","template":"templates\/product-page.php","meta":{"footnotes":""},"class_list":["post-1917","page","type-page","status-publish","hentry"],"_links":{"self":[{"href":"https:\/\/nottinblu.com\/de\/wp-json\/wp\/v2\/pages\/1917","targetHints":{"allow":["GET"]}}],"collection":[{"href":"https:\/\/nottinblu.com\/de\/wp-json\/wp\/v2\/pages"}],"about":[{"href":"https:\/\/nottinblu.com\/de\/wp-json\/wp\/v2\/types\/page"}],"author":[{"embeddable":true,"href":"https:\/\/nottinblu.com\/de\/wp-json\/wp\/v2\/users\/3"}],"replies":[{"embeddable":true,"href":"https:\/\/nottinblu.com\/de\/wp-json\/wp\/v2\/comments?post=1917"}],"version-history":[{"count":2,"href":"https:\/\/nottinblu.com\/de\/wp-json\/wp\/v2\/pages\/1917\/revisions"}],"predecessor-version":[{"id":1919,"href":"https:\/\/nottinblu.com\/de\/wp-json\/wp\/v2\/pages\/1917\/revisions\/1919"}],"up":[{"embeddable":true,"href":"https:\/\/nottinblu.com\/de\/wp-json\/wp\/v2\/pages\/1908"}],"wp:attachment":[{"href":"https:\/\/nottinblu.com\/de\/wp-json\/wp\/v2\/media?parent=1917"}],"curies":[{"name":"wp","href":"https:\/\/api.w.org\/{rel}","templated":true}]}}