{"id":1146,"date":"2015-02-22T21:47:01","date_gmt":"2015-02-22T20:47:01","guid":{"rendered":"http:\/\/nottinblu.com\/?page_id=1146"},"modified":"2015-06-21T19:28:39","modified_gmt":"2015-06-21T18:28:39","slug":"firenze","status":"publish","type":"page","link":"https:\/\/nottinblu.com\/it\/letti\/firenze\/","title":{"rendered":"Firenze"},"content":{"rendered":"<p>Firenze \u00e8 un letto sensuale, di sobrio splendore, raffinato in ogni casa.<\/p>\n<p>La sua struttura in legno \u00e8 rivestita col nostro tessuto Sabl\u00e9 ricamato a diamanti firma della maestria artigianale di Nottinbl\u00fa.<\/p>\n<p>Un&#8217;elegante, tenera gioia per i sensi.<\/p>\n","protected":false},"excerpt":{"rendered":"<p>Firenze \u00e8 un letto sensuale, di sobrio splendore, raffinato in ogni casa. La sua struttura in legno \u00e8 rivestita col <span class=\"pseudo-ellipsis\">&hellip;<\/span><\/p>\n","protected":false},"author":3,"featured_media":0,"parent":1130,"menu_order":4,"comment_status":"closed","ping_status":"closed","template":"templates\/product-page.php","meta":{"footnotes":""},"class_list":["post-1146","page","type-page","status-publish","hentry"],"_links":{"self":[{"href":"https:\/\/nottinblu.com\/it\/wp-json\/wp\/v2\/pages\/1146","targetHints":{"allow":["GET"]}}],"collection":[{"href":"https:\/\/nottinblu.com\/it\/wp-json\/wp\/v2\/pages"}],"about":[{"href":"https:\/\/nottinblu.com\/it\/wp-json\/wp\/v2\/types\/page"}],"author":[{"embeddable":true,"href":"https:\/\/nottinblu.com\/it\/wp-json\/wp\/v2\/users\/3"}],"replies":[{"embeddable":true,"href":"https:\/\/nottinblu.com\/it\/wp-json\/wp\/v2\/comments?post=1146"}],"version-history":[{"count":7,"href":"https:\/\/nottinblu.com\/it\/wp-json\/wp\/v2\/pages\/1146\/revisions"}],"predecessor-version":[{"id":2083,"href":"https:\/\/nottinblu.com\/it\/wp-json\/wp\/v2\/pages\/1146\/revisions\/2083"}],"up":[{"embeddable":true,"href":"https:\/\/nottinblu.com\/it\/wp-json\/wp\/v2\/pages\/1130"}],"wp:attachment":[{"href":"https:\/\/nottinblu.com\/it\/wp-json\/wp\/v2\/media?parent=1146"}],"curies":[{"name":"wp","href":"https:\/\/api.w.org\/{rel}","templated":true}]}}