{"id":1149,"date":"2015-02-22T21:45:51","date_gmt":"2015-02-22T20:45:51","guid":{"rendered":"http:\/\/nottinblu.com\/?page_id=1149"},"modified":"2015-06-11T16:24:56","modified_gmt":"2015-06-11T15:24:56","slug":"verona","status":"publish","type":"page","link":"https:\/\/nottinblu.com\/it\/letti\/verona\/","title":{"rendered":"Verona"},"content":{"rendered":"<p>Verona \u00e8 un letto di affascinante design, maestoso morbido nelle sue curve simmetriche.<\/p>\n<p>La sua struttura in legno \u00e8 rivestita col nostro tessuto Sabl\u00e9 ricamato a diamanti firma della maestria artigianale di Nottinbl\u00fa.<\/p>\n<p>Ti sorride e ti invita a un lungo e piacevole relax.<\/p>\n","protected":false},"excerpt":{"rendered":"<p>Verona \u00e8 un letto di affascinante design, maestoso morbido nelle sue curve simmetriche. La sua struttura in legno \u00e8 rivestita <span class=\"pseudo-ellipsis\">&hellip;<\/span><\/p>\n","protected":false},"author":3,"featured_media":0,"parent":1130,"menu_order":5,"comment_status":"closed","ping_status":"closed","template":"templates\/product-page.php","meta":{"footnotes":""},"class_list":["post-1149","page","type-page","status-publish","hentry"],"_links":{"self":[{"href":"https:\/\/nottinblu.com\/it\/wp-json\/wp\/v2\/pages\/1149","targetHints":{"allow":["GET"]}}],"collection":[{"href":"https:\/\/nottinblu.com\/it\/wp-json\/wp\/v2\/pages"}],"about":[{"href":"https:\/\/nottinblu.com\/it\/wp-json\/wp\/v2\/types\/page"}],"author":[{"embeddable":true,"href":"https:\/\/nottinblu.com\/it\/wp-json\/wp\/v2\/users\/3"}],"replies":[{"embeddable":true,"href":"https:\/\/nottinblu.com\/it\/wp-json\/wp\/v2\/comments?post=1149"}],"version-history":[{"count":5,"href":"https:\/\/nottinblu.com\/it\/wp-json\/wp\/v2\/pages\/1149\/revisions"}],"predecessor-version":[{"id":2056,"href":"https:\/\/nottinblu.com\/it\/wp-json\/wp\/v2\/pages\/1149\/revisions\/2056"}],"up":[{"embeddable":true,"href":"https:\/\/nottinblu.com\/it\/wp-json\/wp\/v2\/pages\/1130"}],"wp:attachment":[{"href":"https:\/\/nottinblu.com\/it\/wp-json\/wp\/v2\/media?parent=1149"}],"curies":[{"name":"wp","href":"https:\/\/api.w.org\/{rel}","templated":true}]}}