{"id":1152,"date":"2015-02-22T21:46:04","date_gmt":"2015-02-22T20:46:04","guid":{"rendered":"http:\/\/nottinblu.com\/?page_id=1152"},"modified":"2015-06-11T16:25:31","modified_gmt":"2015-06-11T15:25:31","slug":"venezia","status":"publish","type":"page","link":"https:\/\/nottinblu.com\/it\/letti\/venezia\/","title":{"rendered":"Venezia"},"content":{"rendered":"<p>Venezia \u00e8 un letto di grande personalit\u00e0, sensuale e moderno, ma orgogliosamente ispirato alle linee classiche del periodo barocco.<\/p>\n<p>La sua struttura in legno \u00e8 rivestita col nostro tessuto Sabl\u00e9 ricamato a diamanti firma della maestria artigianale di Nottinbl\u00fa.<\/p>\n<p>Un sogno maestoso.<\/p>\n","protected":false},"excerpt":{"rendered":"<p>Venezia \u00e8 un letto di grande personalit\u00e0, sensuale e moderno, ma orgogliosamente ispirato alle linee classiche del periodo barocco. La <span class=\"pseudo-ellipsis\">&hellip;<\/span><\/p>\n","protected":false},"author":3,"featured_media":0,"parent":1130,"menu_order":10,"comment_status":"closed","ping_status":"closed","template":"templates\/product-page.php","meta":{"footnotes":""},"class_list":["post-1152","page","type-page","status-publish","hentry"],"_links":{"self":[{"href":"https:\/\/nottinblu.com\/it\/wp-json\/wp\/v2\/pages\/1152","targetHints":{"allow":["GET"]}}],"collection":[{"href":"https:\/\/nottinblu.com\/it\/wp-json\/wp\/v2\/pages"}],"about":[{"href":"https:\/\/nottinblu.com\/it\/wp-json\/wp\/v2\/types\/page"}],"author":[{"embeddable":true,"href":"https:\/\/nottinblu.com\/it\/wp-json\/wp\/v2\/users\/3"}],"replies":[{"embeddable":true,"href":"https:\/\/nottinblu.com\/it\/wp-json\/wp\/v2\/comments?post=1152"}],"version-history":[{"count":5,"href":"https:\/\/nottinblu.com\/it\/wp-json\/wp\/v2\/pages\/1152\/revisions"}],"predecessor-version":[{"id":2058,"href":"https:\/\/nottinblu.com\/it\/wp-json\/wp\/v2\/pages\/1152\/revisions\/2058"}],"up":[{"embeddable":true,"href":"https:\/\/nottinblu.com\/it\/wp-json\/wp\/v2\/pages\/1130"}],"wp:attachment":[{"href":"https:\/\/nottinblu.com\/it\/wp-json\/wp\/v2\/media?parent=1152"}],"curies":[{"name":"wp","href":"https:\/\/api.w.org\/{rel}","templated":true}]}}