{"id":1178,"date":"2015-02-22T21:58:36","date_gmt":"2015-02-22T20:58:36","guid":{"rendered":"http:\/\/nottinblu.com\/?page_id=1178"},"modified":"2015-03-23T18:11:02","modified_gmt":"2015-03-23T17:11:02","slug":"sable","status":"publish","type":"page","link":"https:\/\/nottinblu.com\/it\/tessuti\/sable\/","title":{"rendered":"Sabl\u00e9"},"content":{"rendered":"<p>Sabl\u00e9 \u00e8 il miglior tessuto di Nottinbl\u00fa.<\/p>\n<p>\u00c8 prodotto in esclusiva per Nottinbl\u00fa.\u00a0Non ha paragoni.<\/p>\n<p>Il tessuto Sabl\u00e9 \u00e8 progettato, prodotto e rifinito nel distretto tessile brianzolo vicino al lago di Como, su telai jacquard in doppia altezza.<\/p>\n<p>\u00c8 al 100% di origine naturale, imbottito con puro cotone e ricamato con l\u2019esclusivo disegno a diamanti Nottinbl\u00fa.<\/p>\n<p>Dieci opzioni di colore del ricamo.<br \/>\nAltri colori personalizzati disponibili su richiesta cliente.<\/p>\n","protected":false},"excerpt":{"rendered":"<p>Sabl\u00e9 \u00e8 il miglior tessuto di Nottinbl\u00fa. \u00c8 prodotto in esclusiva per Nottinbl\u00fa.\u00a0Non ha paragoni. Il tessuto Sabl\u00e9 \u00e8 progettato, <span class=\"pseudo-ellipsis\">&hellip;<\/span><\/p>\n","protected":false},"author":3,"featured_media":0,"parent":1174,"menu_order":5,"comment_status":"closed","ping_status":"closed","template":"templates\/fabric-page.php","meta":{"footnotes":""},"class_list":["post-1178","page","type-page","status-publish","hentry"],"_links":{"self":[{"href":"https:\/\/nottinblu.com\/it\/wp-json\/wp\/v2\/pages\/1178","targetHints":{"allow":["GET"]}}],"collection":[{"href":"https:\/\/nottinblu.com\/it\/wp-json\/wp\/v2\/pages"}],"about":[{"href":"https:\/\/nottinblu.com\/it\/wp-json\/wp\/v2\/types\/page"}],"author":[{"embeddable":true,"href":"https:\/\/nottinblu.com\/it\/wp-json\/wp\/v2\/users\/3"}],"replies":[{"embeddable":true,"href":"https:\/\/nottinblu.com\/it\/wp-json\/wp\/v2\/comments?post=1178"}],"version-history":[{"count":4,"href":"https:\/\/nottinblu.com\/it\/wp-json\/wp\/v2\/pages\/1178\/revisions"}],"predecessor-version":[{"id":1668,"href":"https:\/\/nottinblu.com\/it\/wp-json\/wp\/v2\/pages\/1178\/revisions\/1668"}],"up":[{"embeddable":true,"href":"https:\/\/nottinblu.com\/it\/wp-json\/wp\/v2\/pages\/1174"}],"wp:attachment":[{"href":"https:\/\/nottinblu.com\/it\/wp-json\/wp\/v2\/media?parent=1178"}],"curies":[{"name":"wp","href":"https:\/\/api.w.org\/{rel}","templated":true}]}}