{"id":1181,"date":"2015-02-22T21:58:49","date_gmt":"2015-02-22T20:58:49","guid":{"rendered":"http:\/\/nottinblu.com\/?page_id=1181"},"modified":"2015-03-15T22:34:39","modified_gmt":"2015-03-15T21:34:39","slug":"table","status":"publish","type":"page","link":"https:\/\/nottinblu.com\/it\/tessuti\/table\/","title":{"rendered":"Tabl\u00e9"},"content":{"rendered":"<p>Tabl\u00e9 \u00e8 il nostro tessuto pi\u00f9 classico, interamente prodotto in Italia<\/p>\n<p>Il nostro tessuto Tabl\u00e9 gode delle stesse preziose caratteristiche del Sabl\u00e9, ma \u00e8 realizzato in composizione diversa, caratterizzata da una elevata percentuale di fibra di legno.<\/p>\n<p>Otto opzioni per il colore del ricamo<\/p>\n","protected":false},"excerpt":{"rendered":"<p>Tabl\u00e9 \u00e8 il nostro tessuto pi\u00f9 classico, interamente prodotto in Italia Il nostro tessuto Tabl\u00e9 gode delle stesse preziose caratteristiche <span class=\"pseudo-ellipsis\">&hellip;<\/span><\/p>\n","protected":false},"author":3,"featured_media":0,"parent":1174,"menu_order":10,"comment_status":"closed","ping_status":"closed","template":"templates\/fabric-page.php","meta":{"footnotes":""},"class_list":["post-1181","page","type-page","status-publish","hentry"],"_links":{"self":[{"href":"https:\/\/nottinblu.com\/it\/wp-json\/wp\/v2\/pages\/1181","targetHints":{"allow":["GET"]}}],"collection":[{"href":"https:\/\/nottinblu.com\/it\/wp-json\/wp\/v2\/pages"}],"about":[{"href":"https:\/\/nottinblu.com\/it\/wp-json\/wp\/v2\/types\/page"}],"author":[{"embeddable":true,"href":"https:\/\/nottinblu.com\/it\/wp-json\/wp\/v2\/users\/3"}],"replies":[{"embeddable":true,"href":"https:\/\/nottinblu.com\/it\/wp-json\/wp\/v2\/comments?post=1181"}],"version-history":[{"count":3,"href":"https:\/\/nottinblu.com\/it\/wp-json\/wp\/v2\/pages\/1181\/revisions"}],"predecessor-version":[{"id":1478,"href":"https:\/\/nottinblu.com\/it\/wp-json\/wp\/v2\/pages\/1181\/revisions\/1478"}],"up":[{"embeddable":true,"href":"https:\/\/nottinblu.com\/it\/wp-json\/wp\/v2\/pages\/1174"}],"wp:attachment":[{"href":"https:\/\/nottinblu.com\/it\/wp-json\/wp\/v2\/media?parent=1181"}],"curies":[{"name":"wp","href":"https:\/\/api.w.org\/{rel}","templated":true}]}}