{"id":1228,"date":"2015-02-23T22:00:53","date_gmt":"2015-02-23T21:00:53","guid":{"rendered":"http:\/\/nottinblu.com\/?page_id=1228"},"modified":"2015-03-23T18:21:29","modified_gmt":"2015-03-23T17:21:29","slug":"sable","status":"publish","type":"page","link":"https:\/\/nottinblu.com\/it\/fodere\/sable\/","title":{"rendered":"Fodere Coprimaterasso Sabl\u00e9"},"content":{"rendered":"<p>Le nostre fodere Sabl\u00e9 sono realizzate con lo stesso tessuto elegantemente ricamato dei letti Sabl\u00e9 di Nottinbl\u00fa.<\/p>\n<p>Imbottiture naturali 100% in una variet\u00e0 di pregiate ovatte per il confort: Alpaca, Camello, Cotone Organico e Lino.<\/p>\n<p>Sfoderabile.<br \/>\nLavabile a mano\u00a0a 30\u00b0<\/p>\n","protected":false},"excerpt":{"rendered":"<p>Le nostre fodere Sabl\u00e9 sono realizzate con lo stesso tessuto elegantemente ricamato dei letti Sabl\u00e9 di Nottinbl\u00fa. Imbottiture naturali 100% <span class=\"pseudo-ellipsis\">&hellip;<\/span><\/p>\n","protected":false},"author":3,"featured_media":0,"parent":1224,"menu_order":5,"comment_status":"closed","ping_status":"closed","template":"templates\/product-page.php","meta":{"footnotes":""},"class_list":["post-1228","page","type-page","status-publish","hentry"],"_links":{"self":[{"href":"https:\/\/nottinblu.com\/it\/wp-json\/wp\/v2\/pages\/1228","targetHints":{"allow":["GET"]}}],"collection":[{"href":"https:\/\/nottinblu.com\/it\/wp-json\/wp\/v2\/pages"}],"about":[{"href":"https:\/\/nottinblu.com\/it\/wp-json\/wp\/v2\/types\/page"}],"author":[{"embeddable":true,"href":"https:\/\/nottinblu.com\/it\/wp-json\/wp\/v2\/users\/3"}],"replies":[{"embeddable":true,"href":"https:\/\/nottinblu.com\/it\/wp-json\/wp\/v2\/comments?post=1228"}],"version-history":[{"count":6,"href":"https:\/\/nottinblu.com\/it\/wp-json\/wp\/v2\/pages\/1228\/revisions"}],"predecessor-version":[{"id":1672,"href":"https:\/\/nottinblu.com\/it\/wp-json\/wp\/v2\/pages\/1228\/revisions\/1672"}],"up":[{"embeddable":true,"href":"https:\/\/nottinblu.com\/it\/wp-json\/wp\/v2\/pages\/1224"}],"wp:attachment":[{"href":"https:\/\/nottinblu.com\/it\/wp-json\/wp\/v2\/media?parent=1228"}],"curies":[{"name":"wp","href":"https:\/\/api.w.org\/{rel}","templated":true}]}}