{"id":2408,"date":"2018-04-27T12:06:41","date_gmt":"2018-04-27T11:06:41","guid":{"rendered":"http:\/\/nottinblu.com\/?page_id=2408"},"modified":"2026-03-13T11:33:54","modified_gmt":"2026-03-13T10:33:54","slug":"politica-della-qualita","status":"publish","type":"page","link":"https:\/\/nottinblu.com\/it\/politica-della-qualita\/","title":{"rendered":"Politica per la Qualit\u00e0"},"content":{"rendered":"<p>Nottinbl\u00fa definisce la propria missione aziendale nel consolidamento ed espansione della propria quota nel mercato della produzione di sistemi letto evoluti composti da reti innovative, materassi e guanciali realizzati con moderni materiali.<\/p>\n<p><em>La Direzione ha stabilito di considerare la gestione per la Qualit\u00e0 come elemento fondamentale per il raggiungimento dei seguenti obiettivi strategici:<\/em><\/p>\n<ul>\n<li><em>miglioramento continuo dei prodotti \/ servizi aziendali;<\/em><\/li>\n<li><em>ottenimento della piena soddisfazione del cliente;<\/em><\/li>\n<li><em>aumento della competitivit\u00e0 aziendale;<\/em><\/li>\n<li><em>soddisfacimento dei requisiti cogenti applicabili al prodotto.<\/em><\/li>\n<\/ul>\n<p>Per il raggiungimento dei sopra indicati obiettivi, la Direzione si impegna a:<\/p>\n<ul>\n<li>monitorare il miglioramento delle prestazioni aziendali;<\/li>\n<li>ridurre i costi di esercizio aumentando l&#8217;efficienza aziendale;<\/li>\n<li>ridurre i reclami dei clienti;<\/li>\n<li>organizzare e razionalizzare i processi aziendali;<\/li>\n<li>formare e sviluppare le capacit\u00e0 del personale aziendale;<\/li>\n<li>creare un adeguato coinvolgimento del personale circa gli obiettivi di sviluppo aziendale;<\/li>\n<li>coinvolgere i fornitori nella gestione e negli obiettivi aziendali.<\/li>\n<\/ul>\n<p>Per raggiungere e mantenere un elevato livello di qualit\u00e0 dei prodotti\/servizi forniti, la Direzione ha deciso di operare in conformit\u00e0 alla norma internazionale UNI EN ISO 9001 e di nominare un Responsabile del Sistema Qualit\u00e0 con funzioni di coordinamento e controllo del sistema.<\/p>\n<p>Per il raggiungimento degli obiettivi e degli impegni fissati, \u00e8 necessario che tutti i membri dell&#8217;organizzazione facciano costante riferimento ai seguenti fondamentali principi:<\/p>\n<div class=\"flex-grid\">\n<div class=\"grid-row\">\n<div class=\"grid-col-xs-12 grid-col-md-8\">\n<div class=\"content sans-serif black\">\n<ul>\n<li>la qualit\u00e0 dei servizi e dei prodotti ha sempre la priorit\u00e0 in ogni attivit\u00e0 aziendale;<\/li>\n<li>la qualit\u00e0 deve essere sempre trattata in modo professionale ed ognuno \u00e8 tenuto a fornire il migliore contributo, nell&#8217;ambito delle proprie competenze, responsabilit\u00e0 e capacit\u00e0, per assicurare che gli obiettivi prefissati vengano raggiunti;<\/li>\n<li>la gestione della qualit\u00e0 non ha un termine ma necessita di un miglioramento continuo e porta come conseguenza vantaggi per tutti i membri dell&#8217;organizzazione garantendo la continuit\u00e0 e la crescita dell&#8217;organizzazione.<\/li>\n<\/ul>\n<\/div>\n<\/div>\n<div class=\"grid-col-xs-12 grid-col-md-4\">\n<div class=\"content sans-serif black\" style=\"text-align: center;\">\n<p><a href=\"\/wp-content\/uploads\/2018\/04\/matteo.jpg\" target=\"_blank\" rel=\"noopener\"><img loading=\"lazy\" decoding=\"async\" class=\"size-full wp-image-2462\" src=\"\/wp-content\/uploads\/2018\/04\/matteoNottinblu.jpg\" alt=\"Matteo Nottinblu\" width=\"280\" height=\"280\" srcset=\"https:\/\/nottinblu.com\/wp-content\/uploads\/2018\/04\/matteoNottinblu.jpg 280w, https:\/\/nottinblu.com\/wp-content\/uploads\/2018\/04\/matteoNottinblu-16x16.jpg 16w\" sizes=\"auto, (max-width: 280px) 100vw, 280px\" \/> <\/a><br \/>\nIl Direttore Generale<br \/>\nIng. Matteo Emanuele<\/p>\n<\/div>\n<\/div>\n<\/div>\n<\/div>\n<p>Bovolone, 13\/03\/2026<\/p>\n","protected":false},"excerpt":{"rendered":"<p>Nottinbl\u00fa definisce la propria missione aziendale nel consolidamento ed espansione della propria quota nel mercato della produzione di sistemi letto <span class=\"pseudo-ellipsis\">&hellip;<\/span><\/p>\n","protected":false},"author":7,"featured_media":0,"parent":0,"menu_order":0,"comment_status":"closed","ping_status":"closed","template":"templates\/simple-content-page.php","meta":{"footnotes":""},"class_list":["post-2408","page","type-page","status-publish","hentry"],"_links":{"self":[{"href":"https:\/\/nottinblu.com\/it\/wp-json\/wp\/v2\/pages\/2408","targetHints":{"allow":["GET"]}}],"collection":[{"href":"https:\/\/nottinblu.com\/it\/wp-json\/wp\/v2\/pages"}],"about":[{"href":"https:\/\/nottinblu.com\/it\/wp-json\/wp\/v2\/types\/page"}],"author":[{"embeddable":true,"href":"https:\/\/nottinblu.com\/it\/wp-json\/wp\/v2\/users\/7"}],"replies":[{"embeddable":true,"href":"https:\/\/nottinblu.com\/it\/wp-json\/wp\/v2\/comments?post=2408"}],"version-history":[{"count":24,"href":"https:\/\/nottinblu.com\/it\/wp-json\/wp\/v2\/pages\/2408\/revisions"}],"predecessor-version":[{"id":2618,"href":"https:\/\/nottinblu.com\/it\/wp-json\/wp\/v2\/pages\/2408\/revisions\/2618"}],"wp:attachment":[{"href":"https:\/\/nottinblu.com\/it\/wp-json\/wp\/v2\/media?parent=2408"}],"curies":[{"name":"wp","href":"https:\/\/api.w.org\/{rel}","templated":true}]}}